{"id":1852,"date":"2025-09-29T00:38:37","date_gmt":"2025-09-28T22:38:37","guid":{"rendered":"https:\/\/villasamadhimarrakech.com\/?page_id=1852"},"modified":"2026-02-20T23:17:47","modified_gmt":"2026-02-20T22:17:47","slug":"cgv","status":"publish","type":"page","link":"https:\/\/villasamadhimarrakech.com\/en\/cgv\/","title":{"rendered":"CGV"},"content":{"rendered":"<div data-elementor-type=\"wp-page\" data-elementor-id=\"1852\" class=\"elementor elementor-1852\" data-elementor-post-type=\"page\">\n\t\t\t\t<div class=\"elementor-element elementor-element-42665df e-flex e-con-boxed e-con e-parent\" data-id=\"42665df\" data-element_type=\"container\" data-e-type=\"container\">\n\t\t\t\t\t<div class=\"e-con-inner\">\n\t\t\t\t<div class=\"elementor-element elementor-element-c91f74f elementor-widget elementor-widget-heading\" data-id=\"c91f74f\" data-element_type=\"widget\" data-e-type=\"widget\" data-widget_type=\"heading.default\">\n\t\t\t\t<div class=\"elementor-widget-container\">\n\t\t\t\t\t<h2 class=\"elementor-heading-title elementor-size-default\">General Terms and Conditions<\/h2>\t\t\t\t<\/div>\n\t\t\t\t<\/div>\n\t\t\t\t<div class=\"elementor-element elementor-element-f84457a elementor-widget-divider--view-line elementor-widget elementor-widget-divider\" data-id=\"f84457a\" data-element_type=\"widget\" data-e-type=\"widget\" data-widget_type=\"divider.default\">\n\t\t\t\t<div class=\"elementor-widget-container\">\n\t\t\t\t\t\t\t<div class=\"elementor-divider\">\n\t\t\t<span class=\"elementor-divider-separator\">\n\t\t\t\t\t\t<\/span>\n\t\t<\/div>\n\t\t\t\t\t\t<\/div>\n\t\t\t\t<\/div>\n\t\t\t\t<div class=\"elementor-element elementor-element-93a6d6e elementor-widget elementor-widget-text-editor\" data-id=\"93a6d6e\" data-element_type=\"widget\" data-e-type=\"widget\" data-widget_type=\"text-editor.default\">\n\t\t\t\t<div class=\"elementor-widget-container\">\n\t\t\t\t\t\t\t\t\t<div><p><strong>General Terms and Conditions \u2013 Villa Samadhi<\/strong><br \/>Legal manager: SARL AIGLE GRIS<br \/>Address: Ouarzazate Road, 40000 Marrakech<br \/>ICE number: 003650050000068<\/p><hr \/><p><strong>1. Purpose<\/strong><br \/>These General Terms and Conditions (GTC) govern the rental of Villa Samadhi.<br \/>The villa may be offered for full rental or by room, depending on the option chosen by the client.<\/p><hr \/><p><strong>2. Rates and taxes<\/strong><br \/>\u2022 Rates may be indicated in MAD or in \u20ac, depending on the option chosen by the client.<br \/>\u2022 The Marrakech tourist tax is included in the indicated rate.<br \/>\u2022 VAT applicable at 10%.<\/p><hr \/><p><strong>3. Booking and payment<\/strong><br \/>\u2022 Payment is required 100% at the time of booking.<br \/>\u2022 It is possible to request a 30% non-refundable deposit, but this option requires contacting us directly.<br \/>\u2022 Accepted payment methods: credit card. For cash or bank transfer payments, please contact us directly.<\/p><hr \/><p><strong>4. Cancellation and no-show<\/strong><br \/>\u2022 Cancellation: No refund is granted except in cases of force majeure or exceptional circumstances, subject to our approval and upon presentation of supporting documents.<br \/>\u2022 No-show: In case of failure to arrive, the stay is charged in full.<\/p><hr \/><p><strong>5. Arrival and departure<\/strong><br \/>\u2022 Check-in: from 2:00 PM<br \/>\u2022 Check-out: before 12:00 PM<\/p><hr \/><p><strong>6. House rules<\/strong><br \/>\u2022 Parties are allowed, with respect for the property and the neighborhood.<br \/>Please contact us in advance to inform us of the nature of the event.<br \/>\u2022 Pets are not allowed.<strong>.<\/strong><br \/>\u2022 The swimming pool is under the responsibility of the guests.<br \/>\u2022 Children under 12 years old are not admitted.<br \/>\u2022 In accordance with Moroccan law, if one of the travelers is Moroccan, a valid marriage certificate is required. This rule does not apply to non-Moroccan couples.<\/p><hr \/><p><strong>7. Liability<\/strong><br \/>Guests are responsible for their personal belongings during their stay.<\/p><hr \/><p><strong>8. Applicable law and disputes<\/strong><br \/>These General Terms and Conditions are subject to Moroccan law.<br \/>Any dispute relating to their interpretation and\/or execution falls under the exclusive jurisdiction of the courts of Marrakech.<\/p><\/div><div>\u00a0<\/div>\t\t\t\t\t\t\t\t<\/div>\n\t\t\t\t<\/div>\n\t\t\t\t<div class=\"elementor-element elementor-element-7062025 elementor-align-center elementor-widget elementor-widget-button\" data-id=\"7062025\" data-element_type=\"widget\" data-e-type=\"widget\" data-widget_type=\"button.default\">\n\t\t\t\t<div class=\"elementor-widget-container\">\n\t\t\t\t\t\t\t\t\t<div class=\"elementor-button-wrapper\">\n\t\t\t\t\t<a class=\"elementor-button elementor-button-link elementor-size-sm elementor-animation-grow\" href=\"https:\/\/villasamadhimarrakech.com\/en\/\">\n\t\t\t\t\t\t<span class=\"elementor-button-content-wrapper\">\n\t\t\t\t\t\t\t\t\t<span class=\"elementor-button-text\">Back to home<\/span>\n\t\t\t\t\t<\/span>\n\t\t\t\t\t<\/a>\n\t\t\t\t<\/div>\n\t\t\t\t\t\t\t\t<\/div>\n\t\t\t\t<\/div>\n\t\t\t\t\t<\/div>\n\t\t\t\t<\/div>\n\t\t\t\t<\/div>","protected":false},"excerpt":{"rendered":"<p>Conditions g\u00e9n\u00e9rales de vente Conditions G\u00e9n\u00e9rales de Vente \u2013 Villa SamadhiG\u00e9rant l\u00e9gal : SARL AIGLE GRISAdresse : Route de Ouarzazate, 40000 MarrakechNum\u00e9ro ICE : 003650050000068 1. ObjetLes pr\u00e9sentes Conditions G\u00e9n\u00e9rales de Vente (CGV) r\u00e9gissent la location de la Villa Samadhi.La villa peut \u00eatre propos\u00e9e \u00e0 la\u00a0location compl\u00e8te\u00a0ou\u00a0\u00e0 la chambre, selon la formule choisie par le [&hellip;]<\/p>\n","protected":false},"author":3,"featured_media":0,"parent":0,"menu_order":0,"comment_status":"closed","ping_status":"closed","template":"","meta":{"ocean_post_layout":"","ocean_both_sidebars_style":"","ocean_both_sidebars_content_width":0,"ocean_both_sidebars_sidebars_width":0,"ocean_sidebar":"","ocean_second_sidebar":"","ocean_disable_margins":"enable","ocean_add_body_class":"","ocean_shortcode_before_top_bar":"","ocean_shortcode_after_top_bar":"","ocean_shortcode_before_header":"","ocean_shortcode_after_header":"","ocean_has_shortcode":"","ocean_shortcode_after_title":"","ocean_shortcode_before_footer_widgets":"","ocean_shortcode_after_footer_widgets":"","ocean_shortcode_before_footer_bottom":"","ocean_shortcode_after_footer_bottom":"","ocean_display_top_bar":"default","ocean_display_header":"default","ocean_header_style":"","ocean_center_header_left_menu":"","ocean_custom_header_template":"","ocean_custom_logo":0,"ocean_custom_retina_logo":0,"ocean_custom_logo_max_width":0,"ocean_custom_logo_tablet_max_width":0,"ocean_custom_logo_mobile_max_width":0,"ocean_custom_logo_max_height":0,"ocean_custom_logo_tablet_max_height":0,"ocean_custom_logo_mobile_max_height":0,"ocean_header_custom_menu":"","ocean_menu_typo_font_family":"","ocean_menu_typo_font_subset":"","ocean_menu_typo_font_size":0,"ocean_menu_typo_font_size_tablet":0,"ocean_menu_typo_font_size_mobile":0,"ocean_menu_typo_font_size_unit":"px","ocean_menu_typo_font_weight":"","ocean_menu_typo_font_weight_tablet":"","ocean_menu_typo_font_weight_mobile":"","ocean_menu_typo_transform":"","ocean_menu_typo_transform_tablet":"","ocean_menu_typo_transform_mobile":"","ocean_menu_typo_line_height":0,"ocean_menu_typo_line_height_tablet":0,"ocean_menu_typo_line_height_mobile":0,"ocean_menu_typo_line_height_unit":"","ocean_menu_typo_spacing":0,"ocean_menu_typo_spacing_tablet":0,"ocean_menu_typo_spacing_mobile":0,"ocean_menu_typo_spacing_unit":"","ocean_menu_link_color":"","ocean_menu_link_color_hover":"","ocean_menu_link_color_active":"","ocean_menu_link_background":"","ocean_menu_link_hover_background":"","ocean_menu_link_active_background":"","ocean_menu_social_links_bg":"","ocean_menu_social_hover_links_bg":"","ocean_menu_social_links_color":"","ocean_menu_social_hover_links_color":"","ocean_disable_title":"default","ocean_disable_heading":"default","ocean_post_title":"","ocean_post_subheading":"","ocean_post_title_style":"","ocean_post_title_background_color":"","ocean_post_title_background":0,"ocean_post_title_bg_image_position":"","ocean_post_title_bg_image_attachment":"","ocean_post_title_bg_image_repeat":"","ocean_post_title_bg_image_size":"","ocean_post_title_height":0,"ocean_post_title_bg_overlay":0.5,"ocean_post_title_bg_overlay_color":"","ocean_disable_breadcrumbs":"default","ocean_breadcrumbs_color":"","ocean_breadcrumbs_separator_color":"","ocean_breadcrumbs_links_color":"","ocean_breadcrumbs_links_hover_color":"","ocean_display_footer_widgets":"default","ocean_display_footer_bottom":"default","ocean_custom_footer_template":"","footnotes":""},"class_list":["post-1852","page","type-page","status-publish","hentry","entry"],"yoast_head":"<!-- This site is optimized with the Yoast SEO plugin v26.3 - https:\/\/yoast.com\/wordpress\/plugins\/seo\/ -->\n<title>CGV - villasamadhimarrakech.com<\/title>\n<meta name=\"robots\" content=\"index, follow, max-snippet:-1, max-image-preview:large, max-video-preview:-1\" \/>\n<link rel=\"canonical\" href=\"https:\/\/villasamadhimarrakech.com\/en\/cgv\/\" \/>\n<meta property=\"og:locale\" content=\"en_GB\" \/>\n<meta property=\"og:type\" content=\"article\" \/>\n<meta property=\"og:title\" content=\"CGV - villasamadhimarrakech.com\" \/>\n<meta property=\"og:description\" content=\"Conditions g\u00e9n\u00e9rales de vente Conditions G\u00e9n\u00e9rales de Vente \u2013 Villa SamadhiG\u00e9rant l\u00e9gal : SARL AIGLE GRISAdresse : Route de Ouarzazate, 40000 MarrakechNum\u00e9ro ICE : 003650050000068 1. ObjetLes pr\u00e9sentes Conditions G\u00e9n\u00e9rales de Vente (CGV) r\u00e9gissent la location de la Villa Samadhi.La villa peut \u00eatre propos\u00e9e \u00e0 la\u00a0location compl\u00e8te\u00a0ou\u00a0\u00e0 la chambre, selon la formule choisie par le [&hellip;]\" \/>\n<meta property=\"og:url\" content=\"https:\/\/villasamadhimarrakech.com\/en\/cgv\/\" \/>\n<meta property=\"og:site_name\" content=\"villasamadhimarrakech.com\" \/>\n<meta property=\"article:modified_time\" content=\"2026-02-20T22:17:47+00:00\" \/>\n<meta name=\"twitter:card\" content=\"summary_large_image\" \/>\n<meta name=\"twitter:label1\" content=\"Estimated reading time\" \/>\n\t<meta name=\"twitter:data1\" content=\"2 minutes\" \/>\n<script type=\"application\/ld+json\" class=\"yoast-schema-graph\">{\"@context\":\"https:\/\/schema.org\",\"@graph\":[{\"@type\":\"WebPage\",\"@id\":\"https:\/\/villasamadhimarrakech.com\/cgv\/\",\"url\":\"https:\/\/villasamadhimarrakech.com\/cgv\/\",\"name\":\"CGV - villasamadhimarrakech.com\",\"isPartOf\":{\"@id\":\"https:\/\/villasamadhimarrakech.com\/#website\"},\"datePublished\":\"2025-09-28T22:38:37+00:00\",\"dateModified\":\"2026-02-20T22:17:47+00:00\",\"breadcrumb\":{\"@id\":\"https:\/\/villasamadhimarrakech.com\/cgv\/#breadcrumb\"},\"inLanguage\":\"en-GB\",\"potentialAction\":[{\"@type\":\"ReadAction\",\"target\":[\"https:\/\/villasamadhimarrakech.com\/cgv\/\"]}]},{\"@type\":\"BreadcrumbList\",\"@id\":\"https:\/\/villasamadhimarrakech.com\/cgv\/#breadcrumb\",\"itemListElement\":[{\"@type\":\"ListItem\",\"position\":1,\"name\":\"Accueil\",\"item\":\"https:\/\/villasamadhimarrakech.com\/\"},{\"@type\":\"ListItem\",\"position\":2,\"name\":\"CGV\"}]},{\"@type\":\"WebSite\",\"@id\":\"https:\/\/villasamadhimarrakech.com\/#website\",\"url\":\"https:\/\/villasamadhimarrakech.com\/\",\"name\":\"villasamadhimarrakech.com\",\"description\":\"Villa Samadhi \u00e0 Marrakech\",\"publisher\":{\"@id\":\"https:\/\/villasamadhimarrakech.com\/#organization\"},\"potentialAction\":[{\"@type\":\"SearchAction\",\"target\":{\"@type\":\"EntryPoint\",\"urlTemplate\":\"https:\/\/villasamadhimarrakech.com\/?s={search_term_string}\"},\"query-input\":{\"@type\":\"PropertyValueSpecification\",\"valueRequired\":true,\"valueName\":\"search_term_string\"}}],\"inLanguage\":\"en-GB\"},{\"@type\":\"Organization\",\"@id\":\"https:\/\/villasamadhimarrakech.com\/#organization\",\"name\":\"villasamadhimarrakech.com\",\"url\":\"https:\/\/villasamadhimarrakech.com\/\",\"logo\":{\"@type\":\"ImageObject\",\"inLanguage\":\"en-GB\",\"@id\":\"https:\/\/villasamadhimarrakech.com\/#\/schema\/logo\/image\/\",\"url\":\"https:\/\/villasamadhimarrakech.com\/wp-content\/uploads\/2025\/11\/cropped-cropped-43.png\",\"contentUrl\":\"https:\/\/villasamadhimarrakech.com\/wp-content\/uploads\/2025\/11\/cropped-cropped-43.png\",\"width\":512,\"height\":512,\"caption\":\"villasamadhimarrakech.com\"},\"image\":{\"@id\":\"https:\/\/villasamadhimarrakech.com\/#\/schema\/logo\/image\/\"}}]}<\/script>\n<!-- \/ Yoast SEO plugin. -->","yoast_head_json":{"title":"CGV - villasamadhimarrakech.com","robots":{"index":"index","follow":"follow","max-snippet":"max-snippet:-1","max-image-preview":"max-image-preview:large","max-video-preview":"max-video-preview:-1"},"canonical":"https:\/\/villasamadhimarrakech.com\/en\/cgv\/","og_locale":"en_GB","og_type":"article","og_title":"CGV - villasamadhimarrakech.com","og_description":"Conditions g\u00e9n\u00e9rales de vente Conditions G\u00e9n\u00e9rales de Vente \u2013 Villa SamadhiG\u00e9rant l\u00e9gal : SARL AIGLE GRISAdresse : Route de Ouarzazate, 40000 MarrakechNum\u00e9ro ICE : 003650050000068 1. ObjetLes pr\u00e9sentes Conditions G\u00e9n\u00e9rales de Vente (CGV) r\u00e9gissent la location de la Villa Samadhi.La villa peut \u00eatre propos\u00e9e \u00e0 la\u00a0location compl\u00e8te\u00a0ou\u00a0\u00e0 la chambre, selon la formule choisie par le [&hellip;]","og_url":"https:\/\/villasamadhimarrakech.com\/en\/cgv\/","og_site_name":"villasamadhimarrakech.com","article_modified_time":"2026-02-20T22:17:47+00:00","twitter_card":"summary_large_image","twitter_misc":{"Estimated reading time":"2 minutes"},"schema":{"@context":"https:\/\/schema.org","@graph":[{"@type":"WebPage","@id":"https:\/\/villasamadhimarrakech.com\/cgv\/","url":"https:\/\/villasamadhimarrakech.com\/cgv\/","name":"CGV - villasamadhimarrakech.com","isPartOf":{"@id":"https:\/\/villasamadhimarrakech.com\/#website"},"datePublished":"2025-09-28T22:38:37+00:00","dateModified":"2026-02-20T22:17:47+00:00","breadcrumb":{"@id":"https:\/\/villasamadhimarrakech.com\/cgv\/#breadcrumb"},"inLanguage":"en-GB","potentialAction":[{"@type":"ReadAction","target":["https:\/\/villasamadhimarrakech.com\/cgv\/"]}]},{"@type":"BreadcrumbList","@id":"https:\/\/villasamadhimarrakech.com\/cgv\/#breadcrumb","itemListElement":[{"@type":"ListItem","position":1,"name":"Accueil","item":"https:\/\/villasamadhimarrakech.com\/"},{"@type":"ListItem","position":2,"name":"CGV"}]},{"@type":"WebSite","@id":"https:\/\/villasamadhimarrakech.com\/#website","url":"https:\/\/villasamadhimarrakech.com\/","name":"villasamadhimarrakech.com","description":"Villa Samadhi \u00e0 Marrakech","publisher":{"@id":"https:\/\/villasamadhimarrakech.com\/#organization"},"potentialAction":[{"@type":"SearchAction","target":{"@type":"EntryPoint","urlTemplate":"https:\/\/villasamadhimarrakech.com\/?s={search_term_string}"},"query-input":{"@type":"PropertyValueSpecification","valueRequired":true,"valueName":"search_term_string"}}],"inLanguage":"en-GB"},{"@type":"Organization","@id":"https:\/\/villasamadhimarrakech.com\/#organization","name":"villasamadhimarrakech.com","url":"https:\/\/villasamadhimarrakech.com\/","logo":{"@type":"ImageObject","inLanguage":"en-GB","@id":"https:\/\/villasamadhimarrakech.com\/#\/schema\/logo\/image\/","url":"https:\/\/villasamadhimarrakech.com\/wp-content\/uploads\/2025\/11\/cropped-cropped-43.png","contentUrl":"https:\/\/villasamadhimarrakech.com\/wp-content\/uploads\/2025\/11\/cropped-cropped-43.png","width":512,"height":512,"caption":"villasamadhimarrakech.com"},"image":{"@id":"https:\/\/villasamadhimarrakech.com\/#\/schema\/logo\/image\/"}}]}},"_links":{"self":[{"href":"https:\/\/villasamadhimarrakech.com\/en\/wp-json\/wp\/v2\/pages\/1852","targetHints":{"allow":["GET"]}}],"collection":[{"href":"https:\/\/villasamadhimarrakech.com\/en\/wp-json\/wp\/v2\/pages"}],"about":[{"href":"https:\/\/villasamadhimarrakech.com\/en\/wp-json\/wp\/v2\/types\/page"}],"author":[{"embeddable":true,"href":"https:\/\/villasamadhimarrakech.com\/en\/wp-json\/wp\/v2\/users\/3"}],"replies":[{"embeddable":true,"href":"https:\/\/villasamadhimarrakech.com\/en\/wp-json\/wp\/v2\/comments?post=1852"}],"version-history":[{"count":9,"href":"https:\/\/villasamadhimarrakech.com\/en\/wp-json\/wp\/v2\/pages\/1852\/revisions"}],"predecessor-version":[{"id":3812,"href":"https:\/\/villasamadhimarrakech.com\/en\/wp-json\/wp\/v2\/pages\/1852\/revisions\/3812"}],"wp:attachment":[{"href":"https:\/\/villasamadhimarrakech.com\/en\/wp-json\/wp\/v2\/media?parent=1852"}],"curies":[{"name":"wp","href":"https:\/\/api.w.org\/{rel}","templated":true}]}}